{"id":216,"date":"2024-08-27T10:47:57","date_gmt":"2024-08-27T08:47:57","guid":{"rendered":"https:\/\/bayern-chemie.com\/?page_id=216"},"modified":"2024-12-15T17:46:43","modified_gmt":"2024-12-15T16:46:43","slug":"produkte","status":"publish","type":"page","link":"https:\/\/bayern-chemie.com\/de\/unternehmen\/produkte\/","title":{"rendered":"Produkte"},"content":{"rendered":"<div id=\"cs-content\" class=\"cs-content\"><\/div>\n","protected":false},"excerpt":{"rendered":"<p>HomeVerteidigung Die Bayern-Chemie Gesellschaft f\u00fcr flugchemische Antriebe mbH ist das Kompetenzzentrum f\u00fcr Antriebssysteme innerhalb der MBDA, dem f\u00fchrenden Lenkflugk\u00f6rpersystemhaus in Europa. Als Partner der Bundeswehr und anderer europ\u00e4ischer Streitkr\u00e4fte sind wir \u2013 so wie unser Mutterkonzern MBDA Systems \u2013 dem europ\u00e4ischen Gedanken und der gemeinsamen Sicherheitspolitik verpflichtet. Seit mehr als 60 Jahren entwickeln und produzieren wir Antriebssysteme und Gasgeneratoren f\u00fcr&hellip;<\/p>\n","protected":false},"author":2,"featured_media":0,"parent":85,"menu_order":0,"comment_status":"closed","ping_status":"closed","template":"template-blank-4.php","meta":{"footnotes":""},"class_list":["post-216","page","type-page","status-publish","hentry","no-post-thumbnail"],"_links":{"self":[{"href":"https:\/\/bayern-chemie.com\/de\/wp-json\/wp\/v2\/pages\/216","targetHints":{"allow":["GET"]}}],"collection":[{"href":"https:\/\/bayern-chemie.com\/de\/wp-json\/wp\/v2\/pages"}],"about":[{"href":"https:\/\/bayern-chemie.com\/de\/wp-json\/wp\/v2\/types\/page"}],"author":[{"embeddable":true,"href":"https:\/\/bayern-chemie.com\/de\/wp-json\/wp\/v2\/users\/2"}],"replies":[{"embeddable":true,"href":"https:\/\/bayern-chemie.com\/de\/wp-json\/wp\/v2\/comments?post=216"}],"version-history":[{"count":3,"href":"https:\/\/bayern-chemie.com\/de\/wp-json\/wp\/v2\/pages\/216\/revisions"}],"predecessor-version":[{"id":235,"href":"https:\/\/bayern-chemie.com\/de\/wp-json\/wp\/v2\/pages\/216\/revisions\/235"}],"up":[{"embeddable":true,"href":"https:\/\/bayern-chemie.com\/de\/wp-json\/wp\/v2\/pages\/85"}],"wp:attachment":[{"href":"https:\/\/bayern-chemie.com\/de\/wp-json\/wp\/v2\/media?parent=216"}],"curies":[{"name":"wp","href":"https:\/\/api.w.org\/{rel}","templated":true}]}}