{"id":2072,"date":"2024-12-04T13:17:01","date_gmt":"2024-12-04T12:17:01","guid":{"rendered":"https:\/\/bayern-chemie.com\/datenschutzerklaerung-englisch\/"},"modified":"2024-12-04T13:20:13","modified_gmt":"2024-12-04T12:20:13","slug":"datenschutzerklaerung","status":"publish","type":"page","link":"https:\/\/bayern-chemie.com\/de\/datenschutzerklaerung\/","title":{"rendered":"Datenschutzerkl\u00e4rung"},"content":{"rendered":"<div id=\"cs-content\" class=\"cs-content\"><\/div>\n","protected":false},"excerpt":{"rendered":"<p>Home Datenschutzerkl&auml;rung Wir freuen uns sehr \u00fcber Ihr Interesse an unserem Unternehmen. Datenschutz hat einen besonders hohen Stellenwert f\u00fcr die Gesch\u00e4ftsleitung der Bayern-Chemie Gesellschaft f\u00fcr flugchemische Antriebe mbH (im folgenden Bayern-Chemie genannt). Eine Nutzung der Internetseiten der Bayern-Chemie ist grunds\u00e4tzlich ohne jede Angabe personenbezogener Daten m\u00f6glich. Sofern eine betroffene Person besondere Services unseres Unternehmens \u00fcber unsere Internetseite in Anspruch nehmen&hellip;<\/p>\n","protected":false},"author":2,"featured_media":0,"parent":0,"menu_order":0,"comment_status":"closed","ping_status":"closed","template":"template-blank-4.php","meta":{"footnotes":""},"class_list":["post-2072","page","type-page","status-publish","hentry","no-post-thumbnail"],"_links":{"self":[{"href":"https:\/\/bayern-chemie.com\/de\/wp-json\/wp\/v2\/pages\/2072","targetHints":{"allow":["GET"]}}],"collection":[{"href":"https:\/\/bayern-chemie.com\/de\/wp-json\/wp\/v2\/pages"}],"about":[{"href":"https:\/\/bayern-chemie.com\/de\/wp-json\/wp\/v2\/types\/page"}],"author":[{"embeddable":true,"href":"https:\/\/bayern-chemie.com\/de\/wp-json\/wp\/v2\/users\/2"}],"replies":[{"embeddable":true,"href":"https:\/\/bayern-chemie.com\/de\/wp-json\/wp\/v2\/comments?post=2072"}],"version-history":[{"count":6,"href":"https:\/\/bayern-chemie.com\/de\/wp-json\/wp\/v2\/pages\/2072\/revisions"}],"predecessor-version":[{"id":2084,"href":"https:\/\/bayern-chemie.com\/de\/wp-json\/wp\/v2\/pages\/2072\/revisions\/2084"}],"wp:attachment":[{"href":"https:\/\/bayern-chemie.com\/de\/wp-json\/wp\/v2\/media?parent=2072"}],"curies":[{"name":"wp","href":"https:\/\/api.w.org\/{rel}","templated":true}]}}