{"id":2,"date":"2024-02-27T11:17:32","date_gmt":"2024-02-27T11:17:32","guid":{"rendered":"https:\/\/bayern-chemie.com\/?page_id=2"},"modified":"2024-11-20T14:08:32","modified_gmt":"2024-11-20T13:08:32","slug":"home","status":"publish","type":"page","link":"https:\/\/bayern-chemie.com\/de\/","title":{"rendered":"Home"},"content":{"rendered":"<div id=\"cs-content\" class=\"cs-content\"><\/div>\n","protected":false},"excerpt":{"rendered":"<p>Unternehmen Als einer der globalen Technologief\u00fchrer f\u00fcr Lenkflugk\u00f6rper- und Raumfahrtantriebe verf\u00fcgt die Bayern-Chemie \u00fcber mehr als 60 Jahre Erfahrung in der Entwicklung und Produktion.MehrVerteidigung Die Bayern-Chemie Gesellschaft f\u00fcr flugchemische Antriebe mbH ist das Kompetenzzentrum f\u00fcr Antriebssysteme innerhalb der MBDA, dem f\u00fchrenden Lenkflugk\u00f6rpersystemhaus in Europa.MehrRaumfahrt Unsere besonderen F\u00e4higkeiten und unser Know-how auf dem Gebiet der Staustrahl- und Raketenmotoren machen uns zu&hellip;<\/p>\n","protected":false},"author":2,"featured_media":0,"parent":0,"menu_order":0,"comment_status":"closed","ping_status":"closed","template":"template-blank-4.php","meta":{"footnotes":""},"class_list":["post-2","page","type-page","status-publish","hentry","no-post-thumbnail"],"_links":{"self":[{"href":"https:\/\/bayern-chemie.com\/de\/wp-json\/wp\/v2\/pages\/2","targetHints":{"allow":["GET"]}}],"collection":[{"href":"https:\/\/bayern-chemie.com\/de\/wp-json\/wp\/v2\/pages"}],"about":[{"href":"https:\/\/bayern-chemie.com\/de\/wp-json\/wp\/v2\/types\/page"}],"author":[{"embeddable":true,"href":"https:\/\/bayern-chemie.com\/de\/wp-json\/wp\/v2\/users\/2"}],"replies":[{"embeddable":true,"href":"https:\/\/bayern-chemie.com\/de\/wp-json\/wp\/v2\/comments?post=2"}],"version-history":[{"count":29,"href":"https:\/\/bayern-chemie.com\/de\/wp-json\/wp\/v2\/pages\/2\/revisions"}],"predecessor-version":[{"id":1904,"href":"https:\/\/bayern-chemie.com\/de\/wp-json\/wp\/v2\/pages\/2\/revisions\/1904"}],"wp:attachment":[{"href":"https:\/\/bayern-chemie.com\/de\/wp-json\/wp\/v2\/media?parent=2"}],"curies":[{"name":"wp","href":"https:\/\/api.w.org\/{rel}","templated":true}]}}